{"id":1896,"date":"2025-08-01T22:39:20","date_gmt":"2025-08-01T20:39:20","guid":{"rendered":"https:\/\/bs.sparklers4you.com\/?page_id=1896"},"modified":"2025-09-22T09:29:14","modified_gmt":"2025-09-22T07:29:14","slug":"rezervace","status":"publish","type":"page","link":"https:\/\/budweis-shuttle.cz\/cs\/rezervace\/","title":{"rendered":"Rezervace"},"content":{"rendered":"\t\t<div data-elementor-type=\"wp-page\" data-elementor-id=\"1896\" class=\"elementor elementor-1896\">\n\t\t\t\t<div class=\"elementor-element elementor-element-1a922bd e-con-full e-flex wpr-particle-no wpr-jarallax-no wpr-parallax-no wpr-sticky-section-no wpr-equal-height-no e-con e-parent\" data-id=\"1a922bd\" data-element_type=\"container\" data-e-type=\"container\" data-settings=\"{&quot;background_background&quot;:&quot;video&quot;,&quot;background_video_link&quot;:&quot;https:\\\/\\\/budweis-shuttle.cz\\\/wp-content\\\/uploads\\\/2025\\\/08\\\/0_Bridge_Road_1280x720.mp4&quot;,&quot;shape_divider_bottom&quot;:&quot;opacity-tilt&quot;,&quot;background_play_on_mobile&quot;:&quot;yes&quot;}\">\n\t\t<div class=\"elementor-background-video-container\">\n\t\t\t\t\t\t\t<video class=\"elementor-background-video-hosted\" role=\"presentation\" autoplay muted playsinline loop><\/video>\n\t\t\t\t\t<\/div>\t\t<div class=\"elementor-shape elementor-shape-bottom\" aria-hidden=\"true\" data-negative=\"false\">\n\t\t\t<svg xmlns=\"http:\/\/www.w3.org\/2000\/svg\" viewBox=\"0 0 2600 131.1\" preserveAspectRatio=\"none\">\n\t<path class=\"elementor-shape-fill\" d=\"M0 0L2600 0 2600 69.1 0 0z\"\/>\n\t<path class=\"elementor-shape-fill\" style=\"opacity:0.5\" d=\"M0 0L2600 0 2600 69.1 0 69.1z\"\/>\n\t<path class=\"elementor-shape-fill\" style=\"opacity:0.25\" d=\"M2600 0L0 0 0 130.1 2600 69.1z\"\/>\n<\/svg>\t\t<\/div>\n\t\t\t\t<div class=\"elementor-element elementor-element-66c8f6b elementor-widget elementor-widget-heading\" data-id=\"66c8f6b\" data-element_type=\"widget\" data-e-type=\"widget\" data-widget_type=\"heading.default\">\n\t\t\t\t\t<h2 class=\"elementor-heading-title elementor-size-default\">Rezervace<\/h2>\t\t\t\t<\/div>\n\t\t\t\t<div class=\"elementor-element elementor-element-0879942 elementor-widget elementor-widget-wpr-elementor-template\" data-id=\"0879942\" data-element_type=\"widget\" data-e-type=\"widget\" data-widget_type=\"wpr-elementor-template.default\">\n\t\t\t\t\t<style>.elementor-2532 .elementor-element.elementor-element-3d11fd61{--display:flex;--flex-direction:row;--container-widget-width:initial;--container-widget-height:100%;--container-widget-flex-grow:1;--container-widget-align-self:stretch;--flex-wrap-mobile:wrap;}.elementor-widget-button .elementor-button{font-family:var( --e-global-typography-accent-font-family ), Sans-serif;font-weight:var( --e-global-typography-accent-font-weight );background-color:var( --e-global-color-accent );}.elementor-2532 .elementor-element.elementor-element-664b00c0 .elementor-button{font-family:\"Roboto\", Sans-serif;font-size:18px;font-weight:500;fill:#000000;color:#000000;background-color:#FFFFFF;border-radius:207px 207px 207px 207px;}.elementor-2532 .elementor-element.elementor-element-664b00c0 .elementor-button:hover, .elementor-2532 .elementor-element.elementor-element-664b00c0 .elementor-button:focus{background-color:var( --e-global-color-primary );}.elementor-2532 .elementor-element.elementor-element-b8f3274 .elementor-button{font-family:\"Roboto\", Sans-serif;font-size:18px;font-weight:500;fill:#000000;color:#000000;background-color:#FFFFFF;border-radius:207px 207px 207px 207px;}.elementor-2532 .elementor-element.elementor-element-b8f3274 .elementor-button:hover, .elementor-2532 .elementor-element.elementor-element-b8f3274 .elementor-button:focus{background-color:var( --e-global-color-primary );}.elementor-2532 .elementor-element.elementor-element-47d26325 .elementor-button{font-family:\"Roboto\", Sans-serif;font-size:18px;font-weight:500;fill:#000000;color:#000000;background-color:#FFFFFF;border-radius:207px 207px 207px 207px;}.elementor-2532 .elementor-element.elementor-element-47d26325 .elementor-button:hover, .elementor-2532 .elementor-element.elementor-element-47d26325 .elementor-button:focus{background-color:var( --e-global-color-primary );}.elementor-2532 .elementor-element.elementor-element-7d054e1f .elementor-button{font-family:\"Roboto\", Sans-serif;font-size:18px;font-weight:500;fill:#000000;color:#000000;background-color:#FFFFFF;border-radius:207px 207px 207px 207px;}.elementor-2532 .elementor-element.elementor-element-7d054e1f .elementor-button:hover, .elementor-2532 .elementor-element.elementor-element-7d054e1f .elementor-button:focus{background-color:var( --e-global-color-primary );}.elementor-2532 .elementor-element.elementor-element-257cf541 .elementor-button{font-family:\"Roboto\", Sans-serif;font-size:18px;font-weight:500;fill:#000000;color:#000000;background-color:#FFFFFF;border-radius:207px 207px 207px 207px;}.elementor-2532 .elementor-element.elementor-element-257cf541 .elementor-button:hover, .elementor-2532 .elementor-element.elementor-element-257cf541 .elementor-button:focus{background-color:var( --e-global-color-primary );}@media(max-width:767px){.elementor-2532 .elementor-element.elementor-element-3d11fd61{--flex-direction:column;--container-widget-width:calc( ( 1 - var( --container-widget-flex-grow ) ) * 100% );--container-widget-height:initial;--container-widget-flex-grow:0;--container-widget-align-self:initial;--flex-wrap-mobile:wrap;--align-items:center;}}<\/style>\t\t<div data-elementor-type=\"container\" data-elementor-id=\"2532\" class=\"elementor elementor-2532\">\n\t\t\t\t<div class=\"elementor-element elementor-element-3d11fd61 e-con-full e-flex wpr-particle-no wpr-jarallax-no wpr-parallax-no wpr-sticky-section-no wpr-equal-height-no e-con e-child\" data-id=\"3d11fd61\" data-element_type=\"container\" data-e-type=\"container\">\n\t\t\t\t<div class=\"elementor-element elementor-element-664b00c0 elementor-widget elementor-widget-button\" data-id=\"664b00c0\" data-element_type=\"widget\" data-e-type=\"widget\" data-widget_type=\"button.default\">\n\t\t\t\t\t\t\t\t\t\t<a class=\"elementor-button elementor-button-link elementor-size-sm\" href=\"https:\/\/budweis-shuttle.cz\/cs\/transfery\/\">\n\t\t\t\t\t\t<span class=\"elementor-button-content-wrapper\">\n\t\t\t\t\t\t\t\t\t<span class=\"elementor-button-text\">Standardn\u00ed  trasy<\/span>\n\t\t\t\t\t<\/span>\n\t\t\t\t\t<\/a>\n\t\t\t\t\t\t\t\t<\/div>\n\t\t\t\t<div class=\"elementor-element elementor-element-b8f3274 elementor-widget elementor-widget-button\" data-id=\"b8f3274\" data-element_type=\"widget\" data-e-type=\"widget\" data-widget_type=\"button.default\">\n\t\t\t\t\t\t\t\t\t\t<a class=\"elementor-button elementor-button-link elementor-size-sm\" href=\"https:\/\/budweis-shuttle.cz\/cs\/transfery\/letistni-transfer\/\">\n\t\t\t\t\t\t<span class=\"elementor-button-content-wrapper\">\n\t\t\t\t\t\t\t\t\t<span class=\"elementor-button-text\">Leti\u0161tn\u00ed transfer<\/span>\n\t\t\t\t\t<\/span>\n\t\t\t\t\t<\/a>\n\t\t\t\t\t\t\t\t<\/div>\n\t\t\t\t<div class=\"elementor-element elementor-element-47d26325 elementor-widget elementor-widget-button\" data-id=\"47d26325\" data-element_type=\"widget\" data-e-type=\"widget\" data-widget_type=\"button.default\">\n\t\t\t\t\t\t\t\t\t\t<a class=\"elementor-button elementor-button-link elementor-size-sm\" href=\"https:\/\/budweis-shuttle.cz\/cs\/scenicke-trasy\/\">\n\t\t\t\t\t\t<span class=\"elementor-button-content-wrapper\">\n\t\t\t\t\t\t\t\t\t<span class=\"elementor-button-text\">Sc\u00e9nick\u00e9 trasy<\/span>\n\t\t\t\t\t<\/span>\n\t\t\t\t\t<\/a>\n\t\t\t\t\t\t\t\t<\/div>\n\t\t\t\t<div class=\"elementor-element elementor-element-7d054e1f elementor-widget elementor-widget-button\" data-id=\"7d054e1f\" data-element_type=\"widget\" data-e-type=\"widget\" data-widget_type=\"button.default\">\n\t\t\t\t\t\t\t\t\t\t<a class=\"elementor-button elementor-button-link elementor-size-sm\" href=\"https:\/\/budweis-shuttle.cz\/cs\/last-minute\/\">\n\t\t\t\t\t\t<span class=\"elementor-button-content-wrapper\">\n\t\t\t\t\t\t\t\t\t<span class=\"elementor-button-text\">Last Minute<\/span>\n\t\t\t\t\t<\/span>\n\t\t\t\t\t<\/a>\n\t\t\t\t\t\t\t\t<\/div>\n\t\t\t\t<div class=\"elementor-element elementor-element-257cf541 elementor-widget elementor-widget-button\" data-id=\"257cf541\" data-element_type=\"widget\" data-e-type=\"widget\" data-widget_type=\"button.default\">\n\t\t\t\t\t\t\t\t\t\t<a class=\"elementor-button elementor-button-link elementor-size-sm\" href=\"https:\/\/budweis-shuttle.cz\/cs\/rezervace\/\">\n\t\t\t\t\t\t<span class=\"elementor-button-content-wrapper\">\n\t\t\t\t\t\t\t\t\t<span class=\"elementor-button-text\">Trasa na p\u0159\u00e1n\u00ed<\/span>\n\t\t\t\t\t<\/span>\n\t\t\t\t\t<\/a>\n\t\t\t\t\t\t\t\t<\/div>\n\t\t\t\t<\/div>\n\t\t\t\t<\/div>\n\t\t<span class=\"wpr-template-edit-btn\" data-permalink=\"https:\/\/budweis-shuttle.cz\/cs\/?elementor_library=tlacitka-typu-tras\">Edit Template<\/span>\t\t\t\t<\/div>\n\t\t\t\t<\/div>\n\t\t<div class=\"elementor-element elementor-element-c89e018 e-flex e-con-boxed wpr-particle-no wpr-jarallax-no wpr-parallax-no wpr-sticky-section-no wpr-equal-height-no e-con e-parent\" data-id=\"c89e018\" data-element_type=\"container\" data-e-type=\"container\">\n\t\t\t\t\t<div class=\"e-con-inner\">\n\t\t\t\t<div class=\"elementor-element elementor-element-0788494 elementor-widget elementor-widget-heading\" data-id=\"0788494\" data-element_type=\"widget\" data-e-type=\"widget\" data-widget_type=\"heading.default\">\n\t\t\t\t\t<h2 class=\"elementor-heading-title elementor-size-default\">Odkud a kam cestujete?<\/h2>\t\t\t\t<\/div>\n\t\t\t\t<div class=\"elementor-element elementor-element-f5ee4d4 elementor-widget elementor-widget-text-editor\" data-id=\"f5ee4d4\" data-element_type=\"widget\" data-e-type=\"widget\" data-widget_type=\"text-editor.default\">\n\t\t\t\t\t\t\t\t\t<p>Pokud pl\u00e1nujete cestu vyu\u017eijte na\u0161ich slu\u017eeb, r\u00e1di v\u00e1m pom\u016f\u017eeme. Pros\u00edm, uve\u010fte, odkud a kam se chyst\u00e1te cestovat, nebo si vyberte z na\u0161ich <a href=\"https:\/\/budweis-shuttle.cz\/cs\/transfery\/\"><u>standardn\u00edch<\/u><\/a> \u010di <a href=\"https:\/\/budweis-shuttle.cz\/cs\/category\/scenicke-trasy\/\"><u>sc\u00e9nick\u00fdch tras<\/u><\/a>, abychom mohli zajistit co nejp\u0159\u00edjemn\u011bj\u0161\u00ed a nejefektivn\u011bj\u0161\u00ed p\u0159epravu.<\/p>\t\t\t\t\t\t\t\t<\/div>\n\t\t\t\t\t<\/div>\n\t\t\t\t<\/div>\n\t\t<div class=\"elementor-element elementor-element-187c12f e-flex e-con-boxed wpr-particle-no wpr-jarallax-no wpr-parallax-no wpr-sticky-section-no wpr-equal-height-no e-con e-parent\" data-id=\"187c12f\" data-element_type=\"container\" data-e-type=\"container\" data-settings=\"{&quot;background_background&quot;:&quot;classic&quot;}\">\n\t\t\t\t\t<div class=\"e-con-inner\">\n\t\t\t\t<div class=\"elementor-element elementor-element-cd2e59c elementor-widget elementor-widget-heading\" data-id=\"cd2e59c\" data-element_type=\"widget\" data-e-type=\"widget\" data-widget_type=\"heading.default\">\n\t\t\t\t\t<h2 class=\"elementor-heading-title elementor-size-default\">Rezervujte si transfer dle va\u0161ich pot\u0159eb<\/h2>\t\t\t\t<\/div>\n\t\t\t\t<div class=\"elementor-element elementor-element-79a9ab0 elementor-widget__width-initial premium-cf7-button-fwidth-yes elementor-widget elementor-widget-premium-contact-form\" data-id=\"79a9ab0\" data-element_type=\"widget\" data-e-type=\"widget\" data-widget_type=\"premium-contact-form.default\">\n\t\t\t\t\t\n\t\t\t\n\t\t\t<div class=\"premium-cf7-container\" data-settings=\"{&quot;fields_glass&quot;:&quot;none&quot;,&quot;submit_glass&quot;:&quot;none&quot;}\">\n\t\t\t\t\n<div class=\"wpcf7 no-js\" id=\"wpcf7-f1895-o1\" lang=\"cs-CZ\" dir=\"ltr\" data-wpcf7-id=\"1895\">\n<div class=\"screen-reader-response\"><p role=\"status\" aria-live=\"polite\" aria-atomic=\"true\"><\/p> <ul><\/ul><\/div>\n<form action=\"\/cs\/wp-json\/wp\/v2\/pages\/1896#wpcf7-f1895-o1\" method=\"post\" class=\"wpcf7-form init\" aria-label=\"Kontaktn\u00ed formul\u00e1\u0159\" novalidate=\"novalidate\" data-status=\"init\">\n<fieldset class=\"hidden-fields-container\"><input type=\"hidden\" name=\"_wpcf7\" value=\"1895\" \/><input type=\"hidden\" name=\"_wpcf7_version\" value=\"6.1.5\" \/><input type=\"hidden\" name=\"_wpcf7_locale\" value=\"cs_CZ\" \/><input type=\"hidden\" name=\"_wpcf7_unit_tag\" value=\"wpcf7-f1895-o1\" \/><input type=\"hidden\" name=\"_wpcf7_container_post\" value=\"0\" \/><input type=\"hidden\" name=\"_wpcf7_posted_data_hash\" value=\"\" \/><input type=\"hidden\" name=\"_wpcf7cf_hidden_group_fields\" value=\"[]\" \/><input type=\"hidden\" name=\"_wpcf7cf_hidden_groups\" value=\"[]\" \/><input type=\"hidden\" name=\"_wpcf7cf_visible_groups\" value=\"[]\" \/><input type=\"hidden\" name=\"_wpcf7cf_repeaters\" value=\"[]\" \/><input type=\"hidden\" name=\"_wpcf7cf_steps\" value=\"{}\" \/><input type=\"hidden\" name=\"_wpcf7cf_options\" value=\"{&quot;form_id&quot;:1895,&quot;conditions&quot;:[{&quot;then_field&quot;:&quot;group-858&quot;,&quot;and_rules&quot;:[{&quot;if_field&quot;:&quot;pocet-deti&quot;,&quot;operator&quot;:&quot;greater than&quot;,&quot;if_value&quot;:&quot;0&quot;}]}],&quot;settings&quot;:{&quot;animation&quot;:&quot;yes&quot;,&quot;animation_intime&quot;:&quot;200&quot;,&quot;animation_outtime&quot;:&quot;200&quot;,&quot;conditions_ui&quot;:&quot;normal&quot;,&quot;notice_dismissed&quot;:&quot;&quot;,&quot;notice_dismissed_rollback-cf7-6.1.1&quot;:true}}\" \/>\n<\/fieldset>\n<p><label> Z kter\u00e9ho m\u011bsta:<br \/>\n<span class=\"wpcf7-form-control-wrap\" data-name=\"mesto-od\"><input size=\"40\" maxlength=\"400\" class=\"wpcf7-form-control wpcf7-text wpcf7-validates-as-required\" aria-required=\"true\" aria-invalid=\"false\" value=\"\" type=\"text\" name=\"mesto-od\" \/><\/span> <\/label>\n<\/p>\n<p><label> Do kter\u00e9ho m\u011bsta:<br \/>\n<span class=\"wpcf7-form-control-wrap\" data-name=\"mesto-do\"><input size=\"40\" maxlength=\"400\" class=\"wpcf7-form-control wpcf7-text wpcf7-validates-as-required\" aria-required=\"true\" aria-invalid=\"false\" value=\"\" type=\"text\" name=\"mesto-do\" \/><\/span> <\/label>\n<\/p>\n<p><label> Datum cesty:<br \/>\n<span class=\"wpcf7-form-control-wrap\" data-name=\"datum-cesty\"><input class=\"wpcf7-form-control wpcf7-date wpcf7-validates-as-required wpcf7-validates-as-date\" aria-required=\"true\" aria-invalid=\"false\" value=\"\" type=\"date\" name=\"datum-cesty\" \/><\/span> <\/label>\n<\/p>\n<p><label> Po\u010det dosp\u011bl\u00fdch cestuj\u00edc\u00edch:<br \/>\n<span class=\"wpcf7-form-control-wrap\" data-name=\"pocet-dospelych\"><input class=\"wpcf7-form-control wpcf7-number wpcf7-validates-as-required wpcf7-validates-as-number\" min=\"1\" aria-required=\"true\" aria-invalid=\"false\" value=\"\" type=\"number\" name=\"pocet-dospelych\" \/><\/span> <\/label>\n<\/p>\n<p><label> Po\u010det d\u011bt\u00ed:<br \/>\n<span class=\"wpcf7-form-control-wrap\" data-name=\"pocet-deti\"><input class=\"wpcf7-form-control wpcf7-number wpcf7-validates-as-required wpcf7-validates-as-number\" id=\"pocet-deti\" min=\"0\" aria-required=\"true\" aria-invalid=\"false\" value=\"\" type=\"number\" name=\"pocet-deti\" \/><\/span> <\/label>\n<\/p>\n<div data-id=\"group-858\" data-orig_data_id=\"group-858\"  class=\"\" data-class=\"wpcf7cf_group\">\n\t<p><label> Je pot\u0159eba autoseda\u010dka?<br \/>\n<span class=\"wpcf7-form-control-wrap\" data-name=\"sedacka\"><span class=\"wpcf7-form-control wpcf7-radio\"><span class=\"wpcf7-list-item first\"><label><input type=\"radio\" name=\"sedacka\" value=\"Ano\" \/><span class=\"wpcf7-list-item-label\">Ano<\/span><\/label><\/span><span class=\"wpcf7-list-item last\"><label><input type=\"radio\" name=\"sedacka\" value=\"Ne\" \/><span class=\"wpcf7-list-item-label\">Ne<\/span><\/label><\/span><\/span><\/span><\/label>\n\t<\/p>\n<\/div>\n<p><label> \u010cas n\u00e1stupu (HH:MM):<br \/>\n<span class=\"wpcf7-form-control-wrap\" data-name=\"cas-nastupu\"><input size=\"40\" maxlength=\"400\" class=\"wpcf7-form-control wpcf7-text wpcf7-validates-as-required\" aria-required=\"true\" aria-invalid=\"false\" placeholder=\"nap\u0159. 14:30\" value=\"\" type=\"text\" name=\"cas-nastupu\" \/><\/span> <\/label>\n<\/p>\n<p><label> Adresa nebo popis m\u00edsta n\u00e1stupu:<br \/>\n<span class=\"wpcf7-form-control-wrap\" data-name=\"misto-nastupu\"><textarea cols=\"40\" rows=\"3\" maxlength=\"2000\" class=\"wpcf7-form-control wpcf7-textarea wpcf7-validates-as-required\" aria-required=\"true\" aria-invalid=\"false\" name=\"misto-nastupu\"><\/textarea><\/span> <\/label>\n<\/p>\n<p><label> Adresa nebo popis m\u00edsta v\u00fdstupu:<br \/>\n<span class=\"wpcf7-form-control-wrap\" data-name=\"misto-vystupu\"><textarea cols=\"40\" rows=\"3\" maxlength=\"2000\" class=\"wpcf7-form-control wpcf7-textarea wpcf7-validates-as-required\" aria-required=\"true\" aria-invalid=\"false\" name=\"misto-vystupu\"><\/textarea><\/span> <\/label>\n<\/p>\n<p><label> Jm\u00e9no:<br \/>\n<span class=\"wpcf7-form-control-wrap\" data-name=\"jmeno\"><input size=\"40\" maxlength=\"400\" class=\"wpcf7-form-control wpcf7-text wpcf7-validates-as-required\" aria-required=\"true\" aria-invalid=\"false\" value=\"\" type=\"text\" name=\"jmeno\" \/><\/span> <\/label>\n<\/p>\n<p><label> Telefon:<br \/>\n<span class=\"wpcf7-form-control-wrap\" data-name=\"telefon\"><input size=\"40\" maxlength=\"400\" class=\"wpcf7-form-control wpcf7-tel wpcf7-validates-as-required wpcf7-text wpcf7-validates-as-tel\" aria-required=\"true\" aria-invalid=\"false\" value=\"\" type=\"tel\" name=\"telefon\" \/><\/span> <\/label>\n<\/p>\n<p><label> E-mail:<br \/>\n<span class=\"wpcf7-form-control-wrap\" data-name=\"email\"><input size=\"40\" maxlength=\"400\" class=\"wpcf7-form-control wpcf7-email wpcf7-validates-as-required wpcf7-text wpcf7-validates-as-email\" aria-required=\"true\" aria-invalid=\"false\" value=\"\" type=\"email\" name=\"email\" \/><\/span> <\/label>\n<\/p>\n<p><label > Dopl\u0148uj\u00edc\u00ed informace:<br \/>\n<span class=\"wpcf7-form-control-wrap\" data-name=\"textarea-581\"><textarea cols=\"40\" rows=\"10\" maxlength=\"2000\" class=\"wpcf7-form-control wpcf7-textarea\" aria-invalid=\"false\" name=\"textarea-581\"><\/textarea><\/span><br \/>\n<\/label>\n<\/p>\n<p><label class=\"acceptance\"><br \/>\n<span class=\"wpcf7-form-control-wrap\" data-name=\"acceptance-699\"><span class=\"wpcf7-form-control wpcf7-acceptance optional\"><span class=\"wpcf7-list-item\"><label><input type=\"checkbox\" name=\"acceptance-699\" value=\"1\" aria-invalid=\"false\" \/><span class=\"wpcf7-list-item-label\">Souhlas\u00edm s <a href=\"\/obchodni-podminky\" target=\"_blank\">obchodn\u00edmi podm\u00ednkami<\/a>.<\/span><\/label><\/span><\/span><\/span><br \/>\n<\/label><br \/>\n<input class=\"wpcf7-form-control wpcf7-submit has-spinner\" type=\"submit\" value=\"Odeslat\" \/>\n<\/p><div class=\"wpcf7-response-output\" aria-hidden=\"true\"><\/div>\n<\/form>\n<\/div>\n\t\t\t<\/div>\n\n\t\t\t\t\t\t\t<\/div>\n\t\t\t\t\t<\/div>\n\t\t\t\t<\/div>\n\t\t\t\t<\/div>\n\t\t","protected":false},"excerpt":{"rendered":"<p>Rezervace Standardn\u00ed trasy Sc\u00e9nick\u00e9 trasy Last Minute Trasa na p\u0159\u00e1n\u00ed Edit Template Odkud a kam cestujete? Pokud pl\u00e1nujete cestu vyu\u017eijte na\u0161ich slu\u017eeb, r\u00e1di v\u00e1m pom\u016f\u017eeme. Pros\u00edm, uve\u010fte, odkud a kam se chyst\u00e1te cestovat, nebo si vyberte z na\u0161ich standardn\u00edch \u010di sc\u00e9nick\u00fdch tras, abychom mohli zajistit co nejp\u0159\u00edjemn\u011bj\u0161\u00ed a nejefektivn\u011bj\u0161\u00ed p\u0159epravu. Rezervujte si transfer dle va\u0161ich pot\u0159eb Z kter\u00e9ho m\u011bsta: Do kter\u00e9ho m\u011bsta: Datum cesty: Po\u010det dosp\u011bl\u00fdch cestuj\u00edc\u00edch: Po\u010det d\u011bt\u00ed: Je pot\u0159eba autoseda\u010dka? AnoNe \u010cas n\u00e1stupu (HH:MM): Adresa nebo popis m\u00edsta n\u00e1stupu: Adresa nebo popis m\u00edsta v\u00fdstupu: Jm\u00e9no: Telefon: E-mail: Dopl\u0148uj\u00edc\u00ed informace: Souhlas\u00edm s obchodn\u00edmi podm\u00ednkami.<\/p>\n","protected":false},"author":1,"featured_media":0,"parent":0,"menu_order":0,"comment_status":"closed","ping_status":"closed","template":"elementor_canvas","meta":{"_acf_changed":false,"site-sidebar-layout":"no-sidebar","site-content-layout":"","ast-site-content-layout":"full-width-container","site-content-style":"default","site-sidebar-style":"default","ast-global-header-display":"","ast-banner-title-visibility":"","ast-main-header-display":"","ast-hfb-above-header-display":"","ast-hfb-below-header-display":"","ast-hfb-mobile-header-display":"","site-post-title":"disabled","ast-breadcrumbs-content":"","ast-featured-img":"disabled","footer-sml-layout":"","ast-disable-related-posts":"","theme-transparent-header-meta":"default","adv-header-id-meta":"","stick-header-meta":"","header-above-stick-meta":"","header-main-stick-meta":"","header-below-stick-meta":"","astra-migrate-meta-layouts":"set","ast-page-background-enabled":"default","ast-page-background-meta":{"desktop":{"background-color":"var(--ast-global-color-4)","background-image":"","background-repeat":"repeat","background-position":"center center","background-size":"auto","background-attachment":"scroll","background-type":"","background-media":"","overlay-type":"","overlay-color":"","overlay-opacity":"","overlay-gradient":""},"tablet":{"background-color":"","background-image":"","background-repeat":"repeat","background-position":"center center","background-size":"auto","background-attachment":"scroll","background-type":"","background-media":"","overlay-type":"","overlay-color":"","overlay-opacity":"","overlay-gradient":""},"mobile":{"background-color":"","background-image":"","background-repeat":"repeat","background-position":"center center","background-size":"auto","background-attachment":"scroll","background-type":"","background-media":"","overlay-type":"","overlay-color":"","overlay-opacity":"","overlay-gradient":""}},"ast-content-background-meta":{"desktop":{"background-color":"var(--ast-global-color-5)","background-image":"","background-repeat":"repeat","background-position":"center center","background-size":"auto","background-attachment":"scroll","background-type":"","background-media":"","overlay-type":"","overlay-color":"","overlay-opacity":"","overlay-gradient":""},"tablet":{"background-color":"var(--ast-global-color-5)","background-image":"","background-repeat":"repeat","background-position":"center center","background-size":"auto","background-attachment":"scroll","background-type":"","background-media":"","overlay-type":"","overlay-color":"","overlay-opacity":"","overlay-gradient":""},"mobile":{"background-color":"var(--ast-global-color-5)","background-image":"","background-repeat":"repeat","background-position":"center center","background-size":"auto","background-attachment":"scroll","background-type":"","background-media":"","overlay-type":"","overlay-color":"","overlay-opacity":"","overlay-gradient":""}},"footnotes":""},"class_list":["post-1896","page","type-page","status-publish","hentry"],"acf":[],"_links":{"self":[{"href":"https:\/\/budweis-shuttle.cz\/cs\/wp-json\/wp\/v2\/pages\/1896","targetHints":{"allow":["GET"]}}],"collection":[{"href":"https:\/\/budweis-shuttle.cz\/cs\/wp-json\/wp\/v2\/pages"}],"about":[{"href":"https:\/\/budweis-shuttle.cz\/cs\/wp-json\/wp\/v2\/types\/page"}],"author":[{"embeddable":true,"href":"https:\/\/budweis-shuttle.cz\/cs\/wp-json\/wp\/v2\/users\/1"}],"replies":[{"embeddable":true,"href":"https:\/\/budweis-shuttle.cz\/cs\/wp-json\/wp\/v2\/comments?post=1896"}],"version-history":[{"count":0,"href":"https:\/\/budweis-shuttle.cz\/cs\/wp-json\/wp\/v2\/pages\/1896\/revisions"}],"wp:attachment":[{"href":"https:\/\/budweis-shuttle.cz\/cs\/wp-json\/wp\/v2\/media?parent=1896"}],"curies":[{"name":"wp","href":"https:\/\/api.w.org\/{rel}","templated":true}]}}