{"id":3000,"date":"2025-10-16T11:47:14","date_gmt":"2025-10-16T09:47:14","guid":{"rendered":"https:\/\/budweis-shuttle.cz\/?page_id=3000"},"modified":"2025-10-16T11:54:27","modified_gmt":"2025-10-16T09:54:27","slug":"letistni-transfer","status":"publish","type":"page","link":"https:\/\/budweis-shuttle.cz\/cs\/transfery\/letistni-transfer\/","title":{"rendered":"Leti\u0161tn\u00ed transfer"},"content":{"rendered":"\t\t<div data-elementor-type=\"wp-page\" data-elementor-id=\"3000\" class=\"elementor elementor-3000\">\n\t\t\t\t<div class=\"elementor-element elementor-element-6797409 e-con-full e-flex wpr-particle-no wpr-jarallax-no wpr-parallax-no wpr-sticky-section-no wpr-equal-height-no elementor-invisible e-con e-parent\" data-id=\"6797409\" data-element_type=\"container\" data-e-type=\"container\" data-settings=\"{&quot;background_background&quot;:&quot;video&quot;,&quot;shape_divider_bottom&quot;:&quot;opacity-tilt&quot;,&quot;background_video_link&quot;:&quot;https:\\\/\\\/budweis-shuttle.cz\\\/wp-content\\\/uploads\\\/2025\\\/08\\\/0_Bridge_Road_1280x720.mp4&quot;,&quot;animation&quot;:&quot;fadeIn&quot;,&quot;background_play_on_mobile&quot;:&quot;yes&quot;}\">\n\t\t<div class=\"elementor-background-video-container\">\n\t\t\t\t\t\t\t<video class=\"elementor-background-video-hosted\" role=\"presentation\" autoplay muted playsinline loop><\/video>\n\t\t\t\t\t<\/div>\t\t<div class=\"elementor-shape elementor-shape-bottom\" aria-hidden=\"true\" data-negative=\"false\">\n\t\t\t<svg xmlns=\"http:\/\/www.w3.org\/2000\/svg\" viewBox=\"0 0 2600 131.1\" preserveAspectRatio=\"none\">\n\t<path class=\"elementor-shape-fill\" d=\"M0 0L2600 0 2600 69.1 0 0z\"\/>\n\t<path class=\"elementor-shape-fill\" style=\"opacity:0.5\" d=\"M0 0L2600 0 2600 69.1 0 69.1z\"\/>\n\t<path class=\"elementor-shape-fill\" style=\"opacity:0.25\" d=\"M2600 0L0 0 0 130.1 2600 69.1z\"\/>\n<\/svg>\t\t<\/div>\n\t\t<div class=\"elementor-element elementor-element-1269965 e-flex e-con-boxed wpr-particle-no wpr-jarallax-no wpr-parallax-no wpr-sticky-section-no wpr-equal-height-no e-con e-child\" data-id=\"1269965\" data-element_type=\"container\" data-e-type=\"container\">\n\t\t\t\t\t<div class=\"e-con-inner\">\n\t\t\t\t<div class=\"elementor-element elementor-element-100ae6c elementor-widget elementor-widget-heading\" data-id=\"100ae6c\" data-element_type=\"widget\" data-e-type=\"widget\" data-widget_type=\"heading.default\">\n\t\t\t\t\t<h1 class=\"elementor-heading-title elementor-size-default\">Leti\u0161n\u00ed transfer<\/h1>\t\t\t\t<\/div>\n\t\t\t\t<div class=\"elementor-element elementor-element-a3ab0ba elementor-widget-divider--view-line elementor-widget elementor-widget-divider\" data-id=\"a3ab0ba\" data-element_type=\"widget\" data-e-type=\"widget\" data-widget_type=\"divider.default\">\n\t\t\t\t\t\t\t<div class=\"elementor-divider\">\n\t\t\t<span class=\"elementor-divider-separator\">\n\t\t\t\t\t\t<\/span>\n\t\t<\/div>\n\t\t\t\t\t\t<\/div>\n\t\t\t\t<div class=\"elementor-element elementor-element-1f11f2e elementor-widget elementor-widget-wpr-elementor-template\" data-id=\"1f11f2e\" data-element_type=\"widget\" data-e-type=\"widget\" data-widget_type=\"wpr-elementor-template.default\">\n\t\t\t\t\t<style>.elementor-2532 .elementor-element.elementor-element-3d11fd61{--display:flex;--flex-direction:row;--container-widget-width:initial;--container-widget-height:100%;--container-widget-flex-grow:1;--container-widget-align-self:stretch;--flex-wrap-mobile:wrap;}.elementor-widget-button .elementor-button{font-family:var( --e-global-typography-accent-font-family ), Sans-serif;font-weight:var( --e-global-typography-accent-font-weight );background-color:var( --e-global-color-accent );}.elementor-2532 .elementor-element.elementor-element-664b00c0 .elementor-button{font-family:\"Roboto\", Sans-serif;font-size:18px;font-weight:500;fill:#000000;color:#000000;background-color:#FFFFFF;border-radius:207px 207px 207px 207px;}.elementor-2532 .elementor-element.elementor-element-664b00c0 .elementor-button:hover, .elementor-2532 .elementor-element.elementor-element-664b00c0 .elementor-button:focus{background-color:var( --e-global-color-primary );}.elementor-2532 .elementor-element.elementor-element-b8f3274 .elementor-button{font-family:\"Roboto\", Sans-serif;font-size:18px;font-weight:500;fill:#000000;color:#000000;background-color:#FFFFFF;border-radius:207px 207px 207px 207px;}.elementor-2532 .elementor-element.elementor-element-b8f3274 .elementor-button:hover, .elementor-2532 .elementor-element.elementor-element-b8f3274 .elementor-button:focus{background-color:var( --e-global-color-primary );}.elementor-2532 .elementor-element.elementor-element-47d26325 .elementor-button{font-family:\"Roboto\", Sans-serif;font-size:18px;font-weight:500;fill:#000000;color:#000000;background-color:#FFFFFF;border-radius:207px 207px 207px 207px;}.elementor-2532 .elementor-element.elementor-element-47d26325 .elementor-button:hover, .elementor-2532 .elementor-element.elementor-element-47d26325 .elementor-button:focus{background-color:var( --e-global-color-primary );}.elementor-2532 .elementor-element.elementor-element-7d054e1f .elementor-button{font-family:\"Roboto\", Sans-serif;font-size:18px;font-weight:500;fill:#000000;color:#000000;background-color:#FFFFFF;border-radius:207px 207px 207px 207px;}.elementor-2532 .elementor-element.elementor-element-7d054e1f .elementor-button:hover, .elementor-2532 .elementor-element.elementor-element-7d054e1f .elementor-button:focus{background-color:var( --e-global-color-primary );}.elementor-2532 .elementor-element.elementor-element-257cf541 .elementor-button{font-family:\"Roboto\", Sans-serif;font-size:18px;font-weight:500;fill:#000000;color:#000000;background-color:#FFFFFF;border-radius:207px 207px 207px 207px;}.elementor-2532 .elementor-element.elementor-element-257cf541 .elementor-button:hover, .elementor-2532 .elementor-element.elementor-element-257cf541 .elementor-button:focus{background-color:var( --e-global-color-primary );}@media(max-width:767px){.elementor-2532 .elementor-element.elementor-element-3d11fd61{--flex-direction:column;--container-widget-width:calc( ( 1 - var( --container-widget-flex-grow ) ) * 100% );--container-widget-height:initial;--container-widget-flex-grow:0;--container-widget-align-self:initial;--flex-wrap-mobile:wrap;--align-items:center;}}<\/style>\t\t<div data-elementor-type=\"container\" data-elementor-id=\"2532\" class=\"elementor elementor-2532\">\n\t\t\t\t<div class=\"elementor-element elementor-element-3d11fd61 e-con-full e-flex wpr-particle-no wpr-jarallax-no wpr-parallax-no wpr-sticky-section-no wpr-equal-height-no e-con e-child\" data-id=\"3d11fd61\" data-element_type=\"container\" data-e-type=\"container\">\n\t\t\t\t<div class=\"elementor-element elementor-element-664b00c0 elementor-widget elementor-widget-button\" data-id=\"664b00c0\" data-element_type=\"widget\" data-e-type=\"widget\" data-widget_type=\"button.default\">\n\t\t\t\t\t\t\t\t\t\t<a class=\"elementor-button elementor-button-link elementor-size-sm\" href=\"https:\/\/budweis-shuttle.cz\/cs\/transfery\/\">\n\t\t\t\t\t\t<span class=\"elementor-button-content-wrapper\">\n\t\t\t\t\t\t\t\t\t<span class=\"elementor-button-text\">Standardn\u00ed  trasy<\/span>\n\t\t\t\t\t<\/span>\n\t\t\t\t\t<\/a>\n\t\t\t\t\t\t\t\t<\/div>\n\t\t\t\t<div class=\"elementor-element elementor-element-b8f3274 elementor-widget elementor-widget-button\" data-id=\"b8f3274\" data-element_type=\"widget\" data-e-type=\"widget\" data-widget_type=\"button.default\">\n\t\t\t\t\t\t\t\t\t\t<a class=\"elementor-button elementor-button-link elementor-size-sm\" href=\"https:\/\/budweis-shuttle.cz\/cs\/transfery\/letistni-transfer\/\">\n\t\t\t\t\t\t<span class=\"elementor-button-content-wrapper\">\n\t\t\t\t\t\t\t\t\t<span class=\"elementor-button-text\">Leti\u0161tn\u00ed transfer<\/span>\n\t\t\t\t\t<\/span>\n\t\t\t\t\t<\/a>\n\t\t\t\t\t\t\t\t<\/div>\n\t\t\t\t<div class=\"elementor-element elementor-element-47d26325 elementor-widget elementor-widget-button\" data-id=\"47d26325\" data-element_type=\"widget\" data-e-type=\"widget\" data-widget_type=\"button.default\">\n\t\t\t\t\t\t\t\t\t\t<a class=\"elementor-button elementor-button-link elementor-size-sm\" href=\"https:\/\/budweis-shuttle.cz\/cs\/scenicke-trasy\/\">\n\t\t\t\t\t\t<span class=\"elementor-button-content-wrapper\">\n\t\t\t\t\t\t\t\t\t<span class=\"elementor-button-text\">Sc\u00e9nick\u00e9 trasy<\/span>\n\t\t\t\t\t<\/span>\n\t\t\t\t\t<\/a>\n\t\t\t\t\t\t\t\t<\/div>\n\t\t\t\t<div class=\"elementor-element elementor-element-7d054e1f elementor-widget elementor-widget-button\" data-id=\"7d054e1f\" data-element_type=\"widget\" data-e-type=\"widget\" data-widget_type=\"button.default\">\n\t\t\t\t\t\t\t\t\t\t<a class=\"elementor-button elementor-button-link elementor-size-sm\" href=\"https:\/\/budweis-shuttle.cz\/cs\/last-minute\/\">\n\t\t\t\t\t\t<span class=\"elementor-button-content-wrapper\">\n\t\t\t\t\t\t\t\t\t<span class=\"elementor-button-text\">Last Minute<\/span>\n\t\t\t\t\t<\/span>\n\t\t\t\t\t<\/a>\n\t\t\t\t\t\t\t\t<\/div>\n\t\t\t\t<div class=\"elementor-element elementor-element-257cf541 elementor-widget elementor-widget-button\" data-id=\"257cf541\" data-element_type=\"widget\" data-e-type=\"widget\" data-widget_type=\"button.default\">\n\t\t\t\t\t\t\t\t\t\t<a class=\"elementor-button elementor-button-link elementor-size-sm\" href=\"https:\/\/budweis-shuttle.cz\/cs\/rezervace\/\">\n\t\t\t\t\t\t<span class=\"elementor-button-content-wrapper\">\n\t\t\t\t\t\t\t\t\t<span class=\"elementor-button-text\">Trasa na p\u0159\u00e1n\u00ed<\/span>\n\t\t\t\t\t<\/span>\n\t\t\t\t\t<\/a>\n\t\t\t\t\t\t\t\t<\/div>\n\t\t\t\t<\/div>\n\t\t\t\t<\/div>\n\t\t<span class=\"wpr-template-edit-btn\" data-permalink=\"https:\/\/budweis-shuttle.cz\/cs\/?elementor_library=tlacitka-typu-tras\">Edit Template<\/span>\t\t\t\t<\/div>\n\t\t\t\t\t<\/div>\n\t\t\t\t<\/div>\n\t\t\t\t<\/div>\n\t\t<div class=\"elementor-element elementor-element-d46694c e-flex e-con-boxed wpr-particle-no wpr-jarallax-no wpr-parallax-no wpr-sticky-section-no wpr-equal-height-no e-con e-parent\" data-id=\"d46694c\" data-element_type=\"container\" data-e-type=\"container\">\n\t\t\t\t\t<div class=\"e-con-inner\">\n\t\t<div class=\"elementor-element elementor-element-20aca039 e-con-full e-flex wpr-particle-no wpr-jarallax-no wpr-parallax-no wpr-sticky-section-no wpr-equal-height-no e-con e-child\" data-id=\"20aca039\" data-element_type=\"container\" data-e-type=\"container\" data-settings=\"{&quot;background_background&quot;:&quot;classic&quot;}\">\n\t\t\t\t<div class=\"elementor-element elementor-element-78c696cb elementor-widget elementor-widget-heading\" data-id=\"78c696cb\" data-element_type=\"widget\" data-e-type=\"widget\" data-widget_type=\"heading.default\">\n\t\t\t\t\t<h3 class=\"elementor-heading-title elementor-size-default\">Leti\u0161tn\u00ed transfery<\/h3>\t\t\t\t<\/div>\n\t\t\t\t<div class=\"elementor-element elementor-element-f206921 elementor-widget-divider--view-line elementor-widget elementor-widget-divider\" data-id=\"f206921\" data-element_type=\"widget\" data-e-type=\"widget\" data-widget_type=\"divider.default\">\n\t\t\t\t\t\t\t<div class=\"elementor-divider\">\n\t\t\t<span class=\"elementor-divider-separator\">\n\t\t\t\t\t\t<\/span>\n\t\t<\/div>\n\t\t\t\t\t\t<\/div>\n\t\t\t\t<div class=\"elementor-element elementor-element-2de958cd premium-blog-align-left elementor-widget elementor-widget-premium-addon-blog\" data-id=\"2de958cd\" data-element_type=\"widget\" data-e-type=\"widget\" data-widget_type=\"premium-addon-blog.default\">\n\t\t\t\t\t\n\t\t\n\n\t\t\t\t<div class=\"premium-blog-wrap  premium-blog-list\" data-page=\"3000\">\n\t\t\t\t\t\t\t\t\t<div class=\"premium-blog-post-outer-container\" data-total=\"1\">\n\t\t\t<div class=\"premium-blog-post-container premium-blog-skin-classic\">\n\t\t\t\t\t\t\t\t\t\t\t\t<div class=\"premium-blog-content-wrapper empty-thumb\">\n\n\t\t\t\t\t<div class=\"premium-blog-inner-container\">\n\n\t\t\t\t\t\t\t\t\t\t\t\t\t\t<h4 class=\"premium-blog-entry-title\">\n\t\t\t<a href=\"https:\/\/budweis-shuttle.cz\/cs\/trasy\/letiste\/transfer-z-ceskych-budejovic-do-letiste-mnichov\/\" target=\"_self\">\n\t\t\t\tTransfer z \u010cesk\u00fdch Bud\u011bjovic do leti\u0161t\u011b Mnichov\t\t\t<\/a>\n\t\t<\/h4>\n\t\t\t\t<div class=\"premium-blog-entry-meta\">\n\t\t\t\n\t\t\t\n\t\t\t\n\t\t\t\t\t<\/div>\n\t\t\n\t\t\t\t\t<\/div>\n\n\t\t\t\t\t\t\t\t\t\t\n\t\t\t\t<\/div>\n\t\t\t<\/div>\n\t\t<\/div>\n\n\t\t\t\t<div class=\"premium-blog-post-outer-container\" data-total=\"1\">\n\t\t\t<div class=\"premium-blog-post-container premium-blog-skin-classic\">\n\t\t\t\t\t\t\t\t\t\t\t\t<div class=\"premium-blog-content-wrapper empty-thumb\">\n\n\t\t\t\t\t<div class=\"premium-blog-inner-container\">\n\n\t\t\t\t\t\t\t\t\t\t\t\t\t\t<h4 class=\"premium-blog-entry-title\">\n\t\t\t<a href=\"https:\/\/budweis-shuttle.cz\/cs\/trasy\/transfer-z-ceskych-budejovic-do-letiste-praha\/\" target=\"_self\">\n\t\t\t\tTransfer z \u010cesk\u00fdch Bud\u011bjovic do leti\u0161t\u011b Praha\t\t\t<\/a>\n\t\t<\/h4>\n\t\t\t\t<div class=\"premium-blog-entry-meta\">\n\t\t\t\n\t\t\t\n\t\t\t\n\t\t\t\t\t<\/div>\n\t\t\n\t\t\t\t\t<\/div>\n\n\t\t\t\t\t\t\t\t\t\t\n\t\t\t\t<\/div>\n\t\t\t<\/div>\n\t\t<\/div>\n\n\t\t\t\t<div class=\"premium-blog-post-outer-container\" data-total=\"1\">\n\t\t\t<div class=\"premium-blog-post-container premium-blog-skin-classic\">\n\t\t\t\t\t\t\t\t\t\t\t\t<div class=\"premium-blog-content-wrapper empty-thumb\">\n\n\t\t\t\t\t<div class=\"premium-blog-inner-container\">\n\n\t\t\t\t\t\t\t\t\t\t\t\t\t\t<h4 class=\"premium-blog-entry-title\">\n\t\t\t<a href=\"https:\/\/budweis-shuttle.cz\/cs\/trasy\/letiste\/transfer-z-ceskych-budejovic-do-letiste-viden\/\" target=\"_self\">\n\t\t\t\tTransfer z \u010cesk\u00fdch Bud\u011bjovic do leti\u0161t\u011b V\u00edde\u0148\t\t\t<\/a>\n\t\t<\/h4>\n\t\t\t\t<div class=\"premium-blog-entry-meta\">\n\t\t\t\n\t\t\t\n\t\t\t\n\t\t\t\t\t<\/div>\n\t\t\n\t\t\t\t\t<\/div>\n\n\t\t\t\t\t\t\t\t\t\t\n\t\t\t\t<\/div>\n\t\t\t<\/div>\n\t\t<\/div>\n\n\t\t\t\t<div class=\"premium-blog-post-outer-container\" data-total=\"1\">\n\t\t\t<div class=\"premium-blog-post-container premium-blog-skin-classic\">\n\t\t\t\t\t\t\t\t\t\t\t\t<div class=\"premium-blog-content-wrapper empty-thumb\">\n\n\t\t\t\t\t<div class=\"premium-blog-inner-container\">\n\n\t\t\t\t\t\t\t\t\t\t\t\t\t\t<h4 class=\"premium-blog-entry-title\">\n\t\t\t<a href=\"https:\/\/budweis-shuttle.cz\/cs\/trasy\/letiste\/transfer-z-letiste-linz-do-ceske-budejovice\/\" target=\"_self\">\n\t\t\t\tTransfer z leti\u0161t\u011b Linz do \u010cesk\u00e9 Bud\u011bjovice\t\t\t<\/a>\n\t\t<\/h4>\n\t\t\t\t<div class=\"premium-blog-entry-meta\">\n\t\t\t\n\t\t\t\n\t\t\t\n\t\t\t\t\t<\/div>\n\t\t\n\t\t\t\t\t<\/div>\n\n\t\t\t\t\t\t\t\t\t\t\n\t\t\t\t<\/div>\n\t\t\t<\/div>\n\t\t<\/div>\n\n\t\t\t\t<div class=\"premium-blog-post-outer-container\" data-total=\"1\">\n\t\t\t<div class=\"premium-blog-post-container premium-blog-skin-classic\">\n\t\t\t\t\t\t\t\t\t\t\t\t<div class=\"premium-blog-content-wrapper empty-thumb\">\n\n\t\t\t\t\t<div class=\"premium-blog-inner-container\">\n\n\t\t\t\t\t\t\t\t\t\t\t\t\t\t<h4 class=\"premium-blog-entry-title\">\n\t\t\t<a href=\"https:\/\/budweis-shuttle.cz\/cs\/trasy\/letiste\/transfer-z-letiste-mnichov-do-ceske-budejovice\/\" target=\"_self\">\n\t\t\t\tTransfer z leti\u0161t\u011b Mnichov do \u010cesk\u00e9 Bud\u011bjovice\t\t\t<\/a>\n\t\t<\/h4>\n\t\t\t\t<div class=\"premium-blog-entry-meta\">\n\t\t\t\n\t\t\t\n\t\t\t\n\t\t\t\t\t<\/div>\n\t\t\n\t\t\t\t\t<\/div>\n\n\t\t\t\t\t\t\t\t\t\t\n\t\t\t\t<\/div>\n\t\t\t<\/div>\n\t\t<\/div>\n\n\t\t\t\t<div class=\"premium-blog-post-outer-container\" data-total=\"1\">\n\t\t\t<div class=\"premium-blog-post-container premium-blog-skin-classic\">\n\t\t\t\t\t\t\t\t\t\t\t\t<div class=\"premium-blog-content-wrapper empty-thumb\">\n\n\t\t\t\t\t<div class=\"premium-blog-inner-container\">\n\n\t\t\t\t\t\t\t\t\t\t\t\t\t\t<h4 class=\"premium-blog-entry-title\">\n\t\t\t<a href=\"https:\/\/budweis-shuttle.cz\/cs\/trasy\/letiste\/transfer-z-letiste-praha-do-ceske-budejovice\/\" target=\"_self\">\n\t\t\t\tTransfer z leti\u0161t\u011b Praha do \u010cesk\u00e9 Bud\u011bjovice\t\t\t<\/a>\n\t\t<\/h4>\n\t\t\t\t<div class=\"premium-blog-entry-meta\">\n\t\t\t\n\t\t\t\n\t\t\t\n\t\t\t\t\t<\/div>\n\t\t\n\t\t\t\t\t<\/div>\n\n\t\t\t\t\t\t\t\t\t\t\n\t\t\t\t<\/div>\n\t\t\t<\/div>\n\t\t<\/div>\n\n\t\t\t\t<div class=\"premium-blog-post-outer-container\" data-total=\"1\">\n\t\t\t<div class=\"premium-blog-post-container premium-blog-skin-classic\">\n\t\t\t\t\t\t\t\t\t\t\t\t<div class=\"premium-blog-content-wrapper empty-thumb\">\n\n\t\t\t\t\t<div class=\"premium-blog-inner-container\">\n\n\t\t\t\t\t\t\t\t\t\t\t\t\t\t<h4 class=\"premium-blog-entry-title\">\n\t\t\t<a href=\"https:\/\/budweis-shuttle.cz\/cs\/trasy\/letiste\/transfer-z-letiste-viden-do-ceske-budejovice\/\" target=\"_self\">\n\t\t\t\tTransfer z leti\u0161t\u011b V\u00edde\u0148 do \u010cesk\u00e9 Bud\u011bjovice\t\t\t<\/a>\n\t\t<\/h4>\n\t\t\t\t<div class=\"premium-blog-entry-meta\">\n\t\t\t\n\t\t\t\n\t\t\t\n\t\t\t\t\t<\/div>\n\t\t\n\t\t\t\t\t<\/div>\n\n\t\t\t\t\t\t\t\t\t\t\n\t\t\t\t<\/div>\n\t\t\t<\/div>\n\t\t<\/div>\n\n\t\t\t\t\t\t\t<\/div>\n\n\t\t\n\t\t\n\t\t\t\t\t\t<\/div>\n\t\t\t\t<div class=\"elementor-element elementor-element-6aea4b6 elementor-widget elementor-widget-spacer\" data-id=\"6aea4b6\" data-element_type=\"widget\" data-e-type=\"widget\" data-widget_type=\"spacer.default\">\n\t\t\t\t\t\t\t<div class=\"elementor-spacer\">\n\t\t\t<div class=\"elementor-spacer-inner\"><\/div>\n\t\t<\/div>\n\t\t\t\t\t\t<\/div>\n\t\t\t\t<\/div>\n\t\t<div class=\"elementor-element elementor-element-24e98cd2 e-con-full e-flex wpr-particle-no wpr-jarallax-no wpr-parallax-no wpr-sticky-section-no wpr-equal-height-no e-con e-child\" data-id=\"24e98cd2\" data-element_type=\"container\" data-e-type=\"container\">\n\t\t\t\t<div class=\"elementor-element elementor-element-2045121 elementor-widget elementor-widget-image\" data-id=\"2045121\" data-element_type=\"widget\" data-e-type=\"widget\" data-widget_type=\"image.default\">\n\t\t\t\t\t\t\t\t\t\t\t\t\t\t\t<img fetchpriority=\"high\" decoding=\"async\" width=\"1024\" height=\"768\" src=\"https:\/\/budweis-shuttle.cz\/wp-content\/uploads\/2025\/08\/car-1024x768.jpg\" class=\"attachment-large size-large wp-image-2159\" alt=\"\" srcset=\"https:\/\/budweis-shuttle.cz\/wp-content\/uploads\/2025\/08\/car-1024x768.jpg 1024w, https:\/\/budweis-shuttle.cz\/wp-content\/uploads\/2025\/08\/car-300x225.jpg 300w, https:\/\/budweis-shuttle.cz\/wp-content\/uploads\/2025\/08\/car-768x576.jpg 768w, https:\/\/budweis-shuttle.cz\/wp-content\/uploads\/2025\/08\/car.jpg 1200w\" sizes=\"(max-width: 1024px) 100vw, 1024px\" \/>\t\t\t\t\t\t\t\t\t\t\t\t\t\t\t<\/div>\n\t\t\t\t<div class=\"elementor-element elementor-element-9820ce8 elementor-widget elementor-widget-heading\" data-id=\"9820ce8\" data-element_type=\"widget\" data-e-type=\"widget\" data-widget_type=\"heading.default\">\n\t\t\t\t\t<h2 class=\"elementor-heading-title elementor-size-default\">Informace o na\u0161ich slu\u017eb\u00e1ch<\/h2>\t\t\t\t<\/div>\n\t\t\t\t<div class=\"elementor-element elementor-element-4cfec40 elementor-widget__width-initial elementor-widget elementor-widget-text-editor\" data-id=\"4cfec40\" data-element_type=\"widget\" data-e-type=\"widget\" data-widget_type=\"text-editor.default\">\n\t\t\t\t\t\t\t\t\t<ul><li>Sna\u017e\u00edme se p\u0159izp\u016fsobit n\u00e1\u0161 rozvrh va\u0161im pot\u0159eb\u00e1m. Sta\u010d\u00ed vyplnit rezerva\u010dn\u00ed formul\u00e1\u0159.<\/li><li>M\u00e1me \u0159\u00e1dnou \u017eivnostenskou licenci a poji\u0161t\u011bn\u00ed.<\/li><li>Platby p\u0159ij\u00edm\u00e1me v CZK nebo EUR.<\/li><li>Za nadm\u011brn\u00e1 zavazadla ne\u00fa\u010dtujeme \u017e\u00e1dn\u00e9 p\u0159\u00edplatky.<\/li><li>Nealkoholick\u00e9 n\u00e1poje jsou na palub\u011b zdarma.<\/li><li>Levn\u011bj\u0161\u00ed ne\u017e soukrom\u00e9 taxi.<\/li><li>Ne ku\u0159\u00e1ck\u00e9 vozy.<\/li><li>Poskytujeme slu\u017ebu od dve\u0159\u00ed ke dve\u0159\u00edm.<\/li><li>Mo\u017enost soukrom\u00e9 p\u0159epravy.<\/li><\/ul>\t\t\t\t\t\t\t\t<\/div>\n\t\t\t\t<\/div>\n\t\t\t\t\t<\/div>\n\t\t\t\t<\/div>\n\t\t\t\t<\/div>\n\t\t","protected":false},"excerpt":{"rendered":"<p>Leti\u0161n\u00ed transfer Standardn\u00ed trasy Sc\u00e9nick\u00e9 trasy Last Minute Trasa na p\u0159\u00e1n\u00ed Edit Template Leti\u0161tn\u00ed transfery Transfer z leti\u0161t\u011b Linz do \u010cesk\u00e9 Bud\u011bjovice Transfer z leti\u0161t\u011b Mnichov do \u010cesk\u00e9 Bud\u011bjovice Transfer z leti\u0161t\u011b Praha do \u010cesk\u00e9 Bud\u011bjovice Transfer z leti\u0161t\u011b V\u00edde\u0148 do \u010cesk\u00e9 Bud\u011bjovice Informace o na\u0161ich slu\u017eb\u00e1ch Sna\u017e\u00edme se p\u0159izp\u016fsobit n\u00e1\u0161 rozvrh va\u0161im pot\u0159eb\u00e1m. Sta\u010d\u00ed vyplnit rezerva\u010dn\u00ed formul\u00e1\u0159. M\u00e1me \u0159\u00e1dnou \u017eivnostenskou licenci a poji\u0161t\u011bn\u00ed. Platby p\u0159ij\u00edm\u00e1me v CZK nebo EUR. Za nadm\u011brn\u00e1 zavazadla ne\u00fa\u010dtujeme \u017e\u00e1dn\u00e9 p\u0159\u00edplatky. Nealkoholick\u00e9 n\u00e1poje jsou na palub\u011b zdarma. Levn\u011bj\u0161\u00ed ne\u017e soukrom\u00e9 taxi. Ne ku\u0159\u00e1ck\u00e9 vozy. Poskytujeme slu\u017ebu od dve\u0159\u00ed ke dve\u0159\u00edm. Mo\u017enost soukrom\u00e9 p\u0159epravy.<\/p>\n","protected":false},"author":1,"featured_media":0,"parent":2392,"menu_order":0,"comment_status":"closed","ping_status":"closed","template":"elementor_canvas","meta":{"_acf_changed":false,"site-sidebar-layout":"default","site-content-layout":"","ast-site-content-layout":"default","site-content-style":"default","site-sidebar-style":"default","ast-global-header-display":"","ast-banner-title-visibility":"","ast-main-header-display":"","ast-hfb-above-header-display":"","ast-hfb-below-header-display":"","ast-hfb-mobile-header-display":"","site-post-title":"","ast-breadcrumbs-content":"","ast-featured-img":"","footer-sml-layout":"","ast-disable-related-posts":"","theme-transparent-header-meta":"default","adv-header-id-meta":"","stick-header-meta":"","header-above-stick-meta":"","header-main-stick-meta":"","header-below-stick-meta":"","astra-migrate-meta-layouts":"set","ast-page-background-enabled":"default","ast-page-background-meta":{"desktop":{"background-color":"var(--ast-global-color-4)","background-image":"","background-repeat":"repeat","background-position":"center center","background-size":"auto","background-attachment":"scroll","background-type":"","background-media":"","overlay-type":"","overlay-color":"","overlay-opacity":"","overlay-gradient":""},"tablet":{"background-color":"","background-image":"","background-repeat":"repeat","background-position":"center center","background-size":"auto","background-attachment":"scroll","background-type":"","background-media":"","overlay-type":"","overlay-color":"","overlay-opacity":"","overlay-gradient":""},"mobile":{"background-color":"","background-image":"","background-repeat":"repeat","background-position":"center center","background-size":"auto","background-attachment":"scroll","background-type":"","background-media":"","overlay-type":"","overlay-color":"","overlay-opacity":"","overlay-gradient":""}},"ast-content-background-meta":{"desktop":{"background-color":"var(--ast-global-color-5)","background-image":"","background-repeat":"repeat","background-position":"center center","background-size":"auto","background-attachment":"scroll","background-type":"","background-media":"","overlay-type":"","overlay-color":"","overlay-opacity":"","overlay-gradient":""},"tablet":{"background-color":"var(--ast-global-color-5)","background-image":"","background-repeat":"repeat","background-position":"center center","background-size":"auto","background-attachment":"scroll","background-type":"","background-media":"","overlay-type":"","overlay-color":"","overlay-opacity":"","overlay-gradient":""},"mobile":{"background-color":"var(--ast-global-color-5)","background-image":"","background-repeat":"repeat","background-position":"center center","background-size":"auto","background-attachment":"scroll","background-type":"","background-media":"","overlay-type":"","overlay-color":"","overlay-opacity":"","overlay-gradient":""}},"footnotes":""},"class_list":["post-3000","page","type-page","status-publish","hentry"],"acf":[],"_links":{"self":[{"href":"https:\/\/budweis-shuttle.cz\/cs\/wp-json\/wp\/v2\/pages\/3000","targetHints":{"allow":["GET"]}}],"collection":[{"href":"https:\/\/budweis-shuttle.cz\/cs\/wp-json\/wp\/v2\/pages"}],"about":[{"href":"https:\/\/budweis-shuttle.cz\/cs\/wp-json\/wp\/v2\/types\/page"}],"author":[{"embeddable":true,"href":"https:\/\/budweis-shuttle.cz\/cs\/wp-json\/wp\/v2\/users\/1"}],"replies":[{"embeddable":true,"href":"https:\/\/budweis-shuttle.cz\/cs\/wp-json\/wp\/v2\/comments?post=3000"}],"version-history":[{"count":7,"href":"https:\/\/budweis-shuttle.cz\/cs\/wp-json\/wp\/v2\/pages\/3000\/revisions"}],"predecessor-version":[{"id":3009,"href":"https:\/\/budweis-shuttle.cz\/cs\/wp-json\/wp\/v2\/pages\/3000\/revisions\/3009"}],"up":[{"embeddable":true,"href":"https:\/\/budweis-shuttle.cz\/cs\/wp-json\/wp\/v2\/pages\/2392"}],"wp:attachment":[{"href":"https:\/\/budweis-shuttle.cz\/cs\/wp-json\/wp\/v2\/media?parent=3000"}],"curies":[{"name":"wp","href":"https:\/\/api.w.org\/{rel}","templated":true}]}}